{"id":78441,"date":"2022-06-07T14:46:07","date_gmt":"2022-06-07T14:46:07","guid":{"rendered":"https:\/\/trigo.pt\/?page_id=78441"},"modified":"2024-04-22T14:00:00","modified_gmt":"2024-04-22T14:00:00","slug":"inicio-2","status":"publish","type":"page","link":"https:\/\/trigo.pt\/en_gb\/","title":{"rendered":"In\u00edcio"},"content":{"rendered":"<div class=\"vce-row-container\" data-vce-boxed-width=\"true\"><div class=\"vce-row vce-row--col-gap-30 vce-row-equal-height vce-row-content--top\" id=\"el-42672d05\" data-vce-do-apply=\"all el-42672d05\"><div class=\"vce-row-content\" data-vce-element-content=\"true\"><div class=\"vce-col vce-col--md-auto vce-col--xs-1 vce-col--xs-last vce-col--xs-first vce-col--sm-last vce-col--sm-first vce-col--md-last vce-col--lg-last vce-col--xl-last vce-col--md-first vce-col--lg-first vce-col--xl-first\" id=\"el-48e44435\"><div class=\"vce-col-inner\" data-vce-do-apply=\"border margin background  el-48e44435\"><div class=\"vce-col-content\" data-vce-element-content=\"true\" data-vce-do-apply=\"padding el-48e44435\"><div class=\"vce-shortcode\"><div class=\"vce-shortcode-wrapper vce\" id=\"el-b8e9c00c\" data-vce-do-apply=\"all el-b8e9c00c\"><\/div><\/div><\/div><\/div><\/div><\/div><\/div><\/div><div class=\"vce-row-container\" data-vce-boxed-width=\"true\"><div class=\"vce-row vce-row--col-gap-30 vce-row-equal-height vce-row-content--top\" id=\"el-937b0dd8\" data-vce-do-apply=\"all el-937b0dd8\"><div class=\"vce-content-background-container\"><\/div><div class=\"vce-row-content\" data-vce-element-content=\"true\"><div class=\"vce-col vce-col--md-auto vce-col--xs-1 vce-col--xs-last vce-col--xs-first vce-col--sm-last vce-col--sm-first vce-col--md-first vce-col--lg-first vce-col--xl-first\" id=\"el-7d0a6e8f\"><div class=\"vce-col-inner\" data-vce-do-apply=\"border margin background  el-7d0a6e8f\"><div class=\"vce-col-content\" data-vce-element-content=\"true\" data-vce-do-apply=\"padding el-7d0a6e8f\"><div class=\"vce-text-block\"><div class=\"vce-text-block-wrapper vce\" id=\"el-180f71e9\" data-vce-do-apply=\"all el-180f71e9\"><h2 style=\"text-align: center;\">WHAT WE DO<\/h2><\/div><\/div><div class=\"vce-row-container\" data-vce-boxed-width=\"true\"><div class=\"vce-row vce-row--col-gap-30 vce-row-equal-height vce-row-content--middle\" id=\"el-179a4bbf\" data-vce-do-apply=\"all el-179a4bbf\"><div class=\"vce-row-content\" data-vce-element-content=\"true\"><div class=\"vce-col vce-col--md-25p vce-col--xs-1 vce-col--xs-last vce-col--xs-first vce-col--sm-last vce-col--sm-first vce-col--md-first vce-col--lg-first vce-col--xl-first\" id=\"el-4d9d417e\"><div class=\"vce-col-inner\" data-vce-do-apply=\"border margin background  el-4d9d417e\"><div class=\"vce-col-content\" data-vce-element-content=\"true\" data-vce-do-apply=\"padding el-4d9d417e\"><div class=\"vce-single-image-container vce-single-image--align-center\"><div class=\"vce vce-single-image-wrapper\" id=\"el-e97fe9e1\" data-vce-do-apply=\"all el-e97fe9e1\"><figure><div class=\"vce-single-image-figure-inner\" style=\"width: 150px;\"><div class=\"vce-single-image-inner vce-single-image--absolute vce-single-image--border-round\" style=\"width: 100%; padding-bottom: 100%;\"><img loading=\"lazy\" decoding=\"async\" class=\"vce-single-image\"  width=\"150\" height=\"150\" srcset=\"https:\/\/trigo.pt\/wp-content\/uploads\/2015\/03\/D01-06-150x150.png 150w, https:\/\/trigo.pt\/wp-content\/uploads\/2015\/03\/D01-06-300x300.png 2x\" src=\"https:\/\/trigo.pt\/wp-content\/uploads\/2015\/03\/D01-06-150x150.png\" data-img-src=\"https:\/\/trigo.pt\/wp-content\/uploads\/2015\/03\/D01-06.png\" data-attachment-id=\"75416\"  alt=\"\" title=\"D01-06\" \/><\/div><\/div><figcaption hidden=\"\"><\/figcaption><\/figure><\/div><\/div><\/div><\/div><\/div><div class=\"vce-col vce-col--md-75p vce-col--xs-1 vce-col--xs-last vce-col--xs-first vce-col--sm-last vce-col--sm-first vce-col--md-last vce-col--lg-last vce-col--xl-last\" id=\"el-2e1dacce\"><div class=\"vce-col-inner\" data-vce-do-apply=\"border margin background  el-2e1dacce\"><div class=\"vce-col-content\" data-vce-element-content=\"true\" data-vce-do-apply=\"padding el-2e1dacce\"><div class=\"vce-text-block\"><div class=\"vce-text-block-wrapper vce\" id=\"el-325148d5\" data-vce-do-apply=\"all el-325148d5\"><h3>EXHIBITION STANDS<\/h3><p>Production and construction of exhibition stands.<\/p><\/div><\/div><\/div><\/div><\/div><\/div><\/div><\/div><div class=\"vce-row-container\" data-vce-boxed-width=\"true\"><div class=\"vce-row vce-row--col-gap-30 vce-row-equal-height vce-row-content--middle\" id=\"el-381f81d7\" data-vce-do-apply=\"all el-381f81d7\"><div class=\"vce-row-content\" data-vce-element-content=\"true\"><div class=\"vce-col vce-col--md-25p vce-col--xs-1 vce-col--xs-last vce-col--xs-first vce-col--sm-last vce-col--sm-first vce-col--md-first vce-col--lg-first vce-col--xl-first\" id=\"el-c084796e\"><div class=\"vce-col-inner\" data-vce-do-apply=\"border margin background  el-c084796e\"><div class=\"vce-col-content\" data-vce-element-content=\"true\" data-vce-do-apply=\"padding el-c084796e\"><div class=\"vce-single-image-container vce-single-image--align-center\"><div class=\"vce vce-single-image-wrapper\" id=\"el-776c6252\" data-vce-do-apply=\"all el-776c6252\"><figure><div class=\"vce-single-image-figure-inner\" style=\"width: 150px;\"><div class=\"vce-single-image-inner vce-single-image--absolute vce-single-image--border-round\" style=\"width: 100%; padding-bottom: 100%;\"><img loading=\"lazy\" decoding=\"async\" class=\"vce-single-image\"  width=\"150\" height=\"150\" srcset=\"https:\/\/trigo.pt\/wp-content\/uploads\/2015\/03\/D01-07-150x150.png 150w, https:\/\/trigo.pt\/wp-content\/uploads\/2015\/03\/D01-07-300x300.png 2x\" src=\"https:\/\/trigo.pt\/wp-content\/uploads\/2015\/03\/D01-07-150x150.png\" data-img-src=\"https:\/\/trigo.pt\/wp-content\/uploads\/2015\/03\/D01-07.png\" data-attachment-id=\"75417\"  alt=\"\" title=\"D01-07\" \/><\/div><\/div><figcaption hidden=\"\"><\/figcaption><\/figure><\/div><\/div><\/div><\/div><\/div><div class=\"vce-col vce-col--md-75p vce-col--xs-1 vce-col--xs-last vce-col--xs-first vce-col--sm-last vce-col--sm-first vce-col--md-last vce-col--lg-last vce-col--xl-last\" id=\"el-8ca4bdf5\"><div class=\"vce-col-inner\" data-vce-do-apply=\"border margin background  el-8ca4bdf5\"><div class=\"vce-col-content\" data-vce-element-content=\"true\" data-vce-do-apply=\"padding el-8ca4bdf5\"><div class=\"vce-text-block\"><div class=\"vce-text-block-wrapper vce\" id=\"el-250297da\" data-vce-do-apply=\"all el-250297da\"><h3>INTERIOR DESIGN<\/h3><p>We carry out remodeling of shops and showrooms, rehabilitating the place and constructing pieces of furniture for the exhibition of your products.<\/p><\/div><\/div><\/div><\/div><\/div><\/div><\/div><\/div><\/div><\/div><\/div><div class=\"vce-col vce-col--md-auto vce-col--xs-1 vce-col--xs-last vce-col--xs-first vce-col--sm-last vce-col--sm-first vce-col--md-last vce-col--lg-last vce-col--xl-last\" id=\"el-88ca91c8\"><div class=\"vce-col-inner\" data-vce-do-apply=\"border margin background  el-88ca91c8\"><div class=\"vce-col-content\" data-vce-element-content=\"true\" data-vce-do-apply=\"padding el-88ca91c8\"><div class=\"vce-text-block\"><div class=\"vce-text-block-wrapper vce\" id=\"el-eaf34512\" data-vce-do-apply=\"all el-eaf34512\"><h2 style=\"text-align: center;\">WHAT WE'RE DOING<\/h2><\/div><\/div><div class=\"vce-single-image-container vce-single-image--align-left\"><div class=\"vce vce-single-image-wrapper\" id=\"el-5d005142\" data-vce-do-apply=\"all el-5d005142\"><figure><div class=\"vce-single-image-figure-inner\" style=\"width: 542px;\"><a href=\"http:\/\/www.instagram.com\/trigoexpo\/\" title=\"\" target=\"_blank\" class=\"vce-single-image-inner vce-single-image--absolute\" style=\"padding-bottom: 100%; width: 100%;\" rel=\"noopener\"><img loading=\"lazy\" decoding=\"async\" class=\"vce-single-image\"  width=\"542\" height=\"542\" srcset=\"https:\/\/trigo.pt\/wp-content\/uploads\/2024\/04\/instagramlogo-320x320.png 320w, https:\/\/trigo.pt\/wp-content\/uploads\/2024\/04\/instagramlogo-480x480.png 480w, https:\/\/trigo.pt\/wp-content\/uploads\/2024\/04\/instagramlogo-542x542.png 542w\" src=\"https:\/\/trigo.pt\/wp-content\/uploads\/2024\/04\/instagramlogo-542x542.png\" data-img-src=\"https:\/\/trigo.pt\/wp-content\/uploads\/2024\/04\/instagramlogo.png\" data-attachment-id=\"78613\"  alt=\"\" title=\"instagramlogo\" \/><\/a><\/div><figcaption hidden=\"\"><\/figcaption><\/figure><\/div><\/div><\/div><\/div><\/div><\/div><\/div><\/div>","protected":false},"excerpt":{"rendered":"<p>O QUE FAZEMOSSTANDS DE EXPOSI\u00c7\u00c3OProdu\u00e7\u00e3o e constru\u00e7\u00e3o de stands de exhibi\u00e7\u00e3o.DESIGN DE INTERIORESRealizamos remodela\u00e7\u00f5es de lojas e showrooms, reabilitando o local e construindo pe\u00e7as de mobili\u00e1rio para a exposi\u00e7\u00e3o dos seus artigos.O QUE ESTAMOS A FAZER<\/p>","protected":false},"author":12,"featured_media":0,"parent":0,"menu_order":0,"comment_status":"closed","ping_status":"closed","template":"","meta":{"_themeisle_gutenberg_block_has_review":false,"footnotes":""},"class_list":["post-78441","page","type-page","status-publish","hentry"],"yoast_head":"<!-- This site is optimized with the Yoast SEO plugin v25.8 - https:\/\/yoast.com\/wordpress\/plugins\/seo\/ -->\n<title>In\u00edcio - Trigo<\/title>\n<meta name=\"description\" content=\"Produ\u00e7\u00e3o e constru\u00e7\u00e3o de stands de exposi\u00e7\u00e3o. Fazemos tamb\u00e9m design de interiores onde realizamos remodela\u00e7\u00f5es de lojas e showrooms, reabilitando o local e construindo pe\u00e7as de mobili\u00e1rio para a exposi\u00e7\u00e3o dos seus artigos.\" \/>\n<meta name=\"robots\" content=\"index, follow, max-snippet:-1, max-image-preview:large, max-video-preview:-1\" \/>\n<link rel=\"canonical\" href=\"https:\/\/trigo.pt\/en_gb\/\" \/>\n<meta property=\"og:locale\" content=\"en_GB\" \/>\n<meta property=\"og:type\" content=\"article\" \/>\n<meta property=\"og:title\" content=\"In\u00edcio - Trigo\" \/>\n<meta property=\"og:description\" content=\"Produ\u00e7\u00e3o e constru\u00e7\u00e3o de stands de exposi\u00e7\u00e3o. Fazemos tamb\u00e9m design de interiores onde realizamos remodela\u00e7\u00f5es de lojas e showrooms, reabilitando o local e construindo pe\u00e7as de mobili\u00e1rio para a exposi\u00e7\u00e3o dos seus artigos.\" \/>\n<meta property=\"og:url\" content=\"https:\/\/trigo.pt\/en_gb\/\" \/>\n<meta property=\"og:site_name\" content=\"Trigo\" \/>\n<meta property=\"article:publisher\" content=\"https:\/\/www.facebook.com\/people\/Trigo\/100083313123892\/\" \/>\n<meta property=\"article:modified_time\" content=\"2024-04-22T14:00:00+00:00\" \/>\n<meta name=\"twitter:card\" content=\"summary_large_image\" \/>\n<meta name=\"twitter:label1\" content=\"Estimated reading time\" \/>\n\t<meta name=\"twitter:data1\" content=\"1 minute\" \/>\n<script type=\"application\/ld+json\" class=\"yoast-schema-graph\">{\"@context\":\"https:\/\/schema.org\",\"@graph\":[{\"@type\":\"WebPage\",\"@id\":\"https:\/\/trigo.pt\/\",\"url\":\"https:\/\/trigo.pt\/\",\"name\":\"In\u00edcio - Trigo\",\"isPartOf\":{\"@id\":\"https:\/\/trigo.pt\/en_gb\/#website\"},\"datePublished\":\"2022-06-07T14:46:07+00:00\",\"dateModified\":\"2024-04-22T14:00:00+00:00\",\"description\":\"Produ\u00e7\u00e3o e constru\u00e7\u00e3o de stands de exposi\u00e7\u00e3o. Fazemos tamb\u00e9m design de interiores onde realizamos remodela\u00e7\u00f5es de lojas e showrooms, reabilitando o local e construindo pe\u00e7as de mobili\u00e1rio para a exposi\u00e7\u00e3o dos seus artigos.\",\"breadcrumb\":{\"@id\":\"https:\/\/trigo.pt\/#breadcrumb\"},\"inLanguage\":\"en-GB\",\"potentialAction\":[{\"@type\":\"ReadAction\",\"target\":[\"https:\/\/trigo.pt\/\"]}]},{\"@type\":\"BreadcrumbList\",\"@id\":\"https:\/\/trigo.pt\/#breadcrumb\",\"itemListElement\":[{\"@type\":\"ListItem\",\"position\":1,\"name\":\"Home\",\"item\":\"https:\/\/trigo.pt\/\"},{\"@type\":\"ListItem\",\"position\":2,\"name\":\"In\u00edcio\"}]},{\"@type\":\"WebSite\",\"@id\":\"https:\/\/trigo.pt\/en_gb\/#website\",\"url\":\"https:\/\/trigo.pt\/en_gb\/\",\"name\":\"Trigo\",\"description\":\"Exhibition Stands &amp; Interior Design\",\"potentialAction\":[{\"@type\":\"SearchAction\",\"target\":{\"@type\":\"EntryPoint\",\"urlTemplate\":\"https:\/\/trigo.pt\/en_gb\/?s={search_term_string}\"},\"query-input\":{\"@type\":\"PropertyValueSpecification\",\"valueRequired\":true,\"valueName\":\"search_term_string\"}}],\"inLanguage\":\"en-GB\"}]}<\/script>\n<!-- \/ Yoast SEO plugin. -->","yoast_head_json":{"title":"In\u00edcio - Trigo","description":"Produ\u00e7\u00e3o e constru\u00e7\u00e3o de stands de exposi\u00e7\u00e3o. Fazemos tamb\u00e9m design de interiores onde realizamos remodela\u00e7\u00f5es de lojas e showrooms, reabilitando o local e construindo pe\u00e7as de mobili\u00e1rio para a exposi\u00e7\u00e3o dos seus artigos.","robots":{"index":"index","follow":"follow","max-snippet":"max-snippet:-1","max-image-preview":"max-image-preview:large","max-video-preview":"max-video-preview:-1"},"canonical":"https:\/\/trigo.pt\/en_gb\/","og_locale":"en_GB","og_type":"article","og_title":"In\u00edcio - Trigo","og_description":"Produ\u00e7\u00e3o e constru\u00e7\u00e3o de stands de exposi\u00e7\u00e3o. Fazemos tamb\u00e9m design de interiores onde realizamos remodela\u00e7\u00f5es de lojas e showrooms, reabilitando o local e construindo pe\u00e7as de mobili\u00e1rio para a exposi\u00e7\u00e3o dos seus artigos.","og_url":"https:\/\/trigo.pt\/en_gb\/","og_site_name":"Trigo","article_publisher":"https:\/\/www.facebook.com\/people\/Trigo\/100083313123892\/","article_modified_time":"2024-04-22T14:00:00+00:00","twitter_card":"summary_large_image","twitter_misc":{"Estimated reading time":"1 minute"},"schema":{"@context":"https:\/\/schema.org","@graph":[{"@type":"WebPage","@id":"https:\/\/trigo.pt\/","url":"https:\/\/trigo.pt\/","name":"In\u00edcio - Trigo","isPartOf":{"@id":"https:\/\/trigo.pt\/en_gb\/#website"},"datePublished":"2022-06-07T14:46:07+00:00","dateModified":"2024-04-22T14:00:00+00:00","description":"Produ\u00e7\u00e3o e constru\u00e7\u00e3o de stands de exposi\u00e7\u00e3o. Fazemos tamb\u00e9m design de interiores onde realizamos remodela\u00e7\u00f5es de lojas e showrooms, reabilitando o local e construindo pe\u00e7as de mobili\u00e1rio para a exposi\u00e7\u00e3o dos seus artigos.","breadcrumb":{"@id":"https:\/\/trigo.pt\/#breadcrumb"},"inLanguage":"en-GB","potentialAction":[{"@type":"ReadAction","target":["https:\/\/trigo.pt\/"]}]},{"@type":"BreadcrumbList","@id":"https:\/\/trigo.pt\/#breadcrumb","itemListElement":[{"@type":"ListItem","position":1,"name":"Home","item":"https:\/\/trigo.pt\/"},{"@type":"ListItem","position":2,"name":"In\u00edcio"}]},{"@type":"WebSite","@id":"https:\/\/trigo.pt\/en_gb\/#website","url":"https:\/\/trigo.pt\/en_gb\/","name":"Trigo","description":"Exhibition Stands &amp; Interior Design","potentialAction":[{"@type":"SearchAction","target":{"@type":"EntryPoint","urlTemplate":"https:\/\/trigo.pt\/en_gb\/?s={search_term_string}"},"query-input":{"@type":"PropertyValueSpecification","valueRequired":true,"valueName":"search_term_string"}}],"inLanguage":"en-GB"}]}},"_links":{"self":[{"href":"https:\/\/trigo.pt\/en_gb\/wp-json\/wp\/v2\/pages\/78441","targetHints":{"allow":["GET"]}}],"collection":[{"href":"https:\/\/trigo.pt\/en_gb\/wp-json\/wp\/v2\/pages"}],"about":[{"href":"https:\/\/trigo.pt\/en_gb\/wp-json\/wp\/v2\/types\/page"}],"author":[{"embeddable":true,"href":"https:\/\/trigo.pt\/en_gb\/wp-json\/wp\/v2\/users\/12"}],"replies":[{"embeddable":true,"href":"https:\/\/trigo.pt\/en_gb\/wp-json\/wp\/v2\/comments?post=78441"}],"version-history":[{"count":9,"href":"https:\/\/trigo.pt\/en_gb\/wp-json\/wp\/v2\/pages\/78441\/revisions"}],"predecessor-version":[{"id":78616,"href":"https:\/\/trigo.pt\/en_gb\/wp-json\/wp\/v2\/pages\/78441\/revisions\/78616"}],"wp:attachment":[{"href":"https:\/\/trigo.pt\/en_gb\/wp-json\/wp\/v2\/media?parent=78441"}],"curies":[{"name":"wp","href":"https:\/\/api.w.org\/{rel}","templated":true}]}}